{"id":1185,"date":"2020-09-18T07:55:41","date_gmt":"2020-09-18T07:55:41","guid":{"rendered":"https:\/\/emp-sof-stg-ecp01.emp.internal.com\/terms-of-use\/"},"modified":"2025-12-04T13:23:24","modified_gmt":"2025-12-04T13:23:24","slug":"terms-of-use","status":"publish","type":"page","link":"https:\/\/www.e-comprocessing.com\/de\/terms-of-use\/","title":{"rendered":"Terms of use"},"content":{"rendered":"<h1 class=\"mt-5 mb-4 text-center\">RECHTLICHE HINWEISE<\/h1>\r\nDie rechtlichen Hinweise sind f\u00fcr Personen gedacht, die auf die Website von <a href=\"https:\/\/e-comprocessing.com\" target=\"_blank\" rel=\"noreferrer noopener\">www.e-comprocessing.com<\/a>, einschlie\u00dflich aller Inhalte darauf, (die \u201eWebsite\u201c) zugreifen und diese nutzen.\r\n\r\nDiese Website ist Eigentum von E-Comprocessing und wird von E-Comprocessing betrieben, das Teil von emerchantpay Ltd. (\u201ewir\u201c, \u201euns\u201c, \u201eunser\u201c) ist, einem in England und Wales eingetragenen Unternehmen mit registriertem Sitz in 29 Howard Street, North Shields, Tyne And Wear, NE30 1AR, Vereinigtes K\u00f6nigreich.\r\n\r\nBitte beachten Sie, dass die bereitgestellte deutschsprachige Version der rechtlichen Hinweise ausschlie\u00dflich der Information dient. Ausschlie\u00dflich die englischsprachige Version ist rechtlich verbindlich und ma\u00dfgeblich, sollte es Widerspr\u00fcche zwischen der englisch- und deutschsprachigen Version geben.\r\n\r\nObwohl das vorliegende Dokument auf Englisch und Deutsch verfasst wurde, erfolgt jegliche Kommunikation zwischen Ihnen und der emerchantpay-Gruppe in englischer Sprache. Jegliche Kommunikation in deutscher Sprache dient ausschlie\u00dflich der Information.\r\n<h2>Geistiges Eigentum<\/h2>\r\nWir sind Urheberrechtsinhaber des kompletten Materials auf dieser Website. Dieses Urheberrecht erstreckt sich nicht auf Gesetzestexte, die \u00f6ffentlich verf\u00fcgbar sind, oder anderes Material einer Drittpartei.\r\n\r\nDer Name \u201eE-Comprocessing\u201c, die Abk\u00fcrzung \u201eECP\u201c und das Logo sind unser ausschlie\u00dfliches Eigentum.\r\n\r\nDie Vervielf\u00e4ltigung von ECP-Material auf dieser Website wird autorisiert, sofern die Quelle genannt wird und nichts anderes geregelt ist.\r\n\r\nDas Logo von ECP kann ohne vorherige Genehmigung verwendet werden, au\u00dfer wenn Material von ECP, das das Logo enth\u00e4lt, vervielf\u00e4ltigt wird. Wenn das Urheberrecht bei einer Drittpartei liegt, muss die Genehmigung f\u00fcr die Vervielf\u00e4ltigung vom Urheberrechtsinhaber eingeholt werden.\r\n<h2>Serviceverf\u00fcgbarkeit<\/h2>\r\nAuch wenn ECP darum bem\u00fcht ist, dass diese Website jederzeit verf\u00fcgbar ist, sind wir nicht verantwortlich, wenn aus einem beliebigen Grund die Website f\u00fcr eine bestimmte Dauer nicht erreichbar ist. Der Zugriff auf diese Website kann jederzeit ohne vorherige Ank\u00fcndigung ausgesetzt werden.\r\n<h2>Haftungsausschluss<\/h2>\r\nECP bem\u00fcht sich darum, dass die Informationen auf dieser Website korrekt und vollst\u00e4ndig sind.\r\n\r\nECP \u00fcbernimmt keinerlei Verantwortung oder Haftung im Hinblick auf die Information auf dieser Website. ECP haftet nicht f\u00fcr Sch\u00e4den, die sich daraus ergeben, dass diese Website oder Material auf dieser Website genutzt wird oder nicht genutzt werden kann, oder die sich aus einer Handlung oder Entscheidung als Folge der Nutzung dieser Website oder des Materials auf der Website ergeben.\r\n\r\nDer Haftungsausschluss beschr\u00e4nkt nicht die Haftung von ECP bei Verst\u00f6\u00dfen gegen Anforderungen einer gesetzlichen Vorgabe und schlie\u00dft nicht die Haftung f\u00fcr Angelegenheiten aus, die nach der gesetzlichen Vorgabe nicht ausgeschlossen werden d\u00fcrfen.\r\n\r\nDie Informationen auf der Website sind lediglich allgemeiner Natur und beziehen sich nicht auf die besonderen Umst\u00e4nde einer bestimmten juristischen oder nat\u00fcrlichen Person.\r\n\r\nDie Website bietet Links zu anderen Websites. ECP hat keine Kontrolle \u00fcber die verlinkten Websites und ist nicht verantwortlich f\u00fcr die Inhalte auf den verlinkten Websites oder f\u00fcr Probleme, die sich aus der Nutzung einer verlinkten Website ergeben.\r\n\r\nDie Informationen auf dieser Website k\u00f6nnen keinesfalls als professionelle oder rechtliche Beratung angesehen werden. Sollten Sie speziellen Rat ben\u00f6tigen, sollten Sie einen entsprechend qualifizierten Experten konsultieren.\r\n\r\nDurch den Zugriff auf einen beliebigen Teil dieser Website wird angenommen, dass Sie die Bedingungen dieser rechtlichen Hinweise akzeptieren.\r\n<h2>Schutz personenbezogener Daten<\/h2>\r\nAuch wenn Sie den Gro\u00dfteil der Website von ECP ohne Angabe von Daten zu Ihrer Person nutzen k\u00f6nnen, sind in einigen F\u00e4llen (zum Beispiel in unserem Kontaktformular) personenbezogene Daten erforderlich. Unsere Datenschutzbestimmungen gelten f\u00fcr alle personenbezogene Daten.\r\n<h2>Wie gehen wir mit E-Mails um, die Sie uns senden?<\/h2>\r\nEinige Seiten der Website von ECP verlinken auf unsere Kontakt-E-Mail-Adressen, die Ihre E-Mail-Software aktivieren und Sie auffordern, uns Nachrichten zu senden. Wenn Sie eine solche Nachricht senden, werden Ihre personenbezogenen Daten nur in dem Umfang erhoben, wie es zum Antworten notwendig ist. Wenn das Team, das sich um das Postfach k\u00fcmmert, Ihre Frage nicht beantworten kann, leitet es Ihre E-Mail an einen anderen Bereich weiter. Sollten Sie Fragen dazu haben, wie Ihre E-Mail und zugeh\u00f6rige personenbezogene Daten verarbeitet werden, senden Sie uns dies bitte mit Ihrer Nachricht.\r\n<h2>Kontakt<\/h2>\r\nSollten Sie Fragen oder Bedenken haben, wenden Sie sich an uns unter <a href=\"mailto: info@e-comprocessing.com\">info@e-comprocessing.com<\/a>.","protected":false},"excerpt":{"rendered":"<p>RECHTLICHE HINWEISE Die rechtlichen Hinweise sind f\u00fcr Personen gedacht, die auf die Website von www.e-comprocessing.com, einschlie\u00dflich aller Inhalte darauf, (die \u201eWebsite\u201c) zugreifen und diese nutzen. Diese Website ist Eigentum von E-Comprocessing und wird von E-Comprocessing betrieben, das Teil von emerchantpay Ltd. (\u201ewir\u201c, \u201euns\u201c, \u201eunser\u201c) ist, einem in England und Wales eingetragenen Unternehmen mit registriertem Sitz [&hellip;]<\/p>\n","protected":false},"author":1,"featured_media":0,"parent":0,"menu_order":0,"comment_status":"closed","ping_status":"closed","template":"","meta":{"_acf_changed":false,"footnotes":""},"class_list":["post-1185","page","type-page","status-publish","hentry"],"acf":[],"yoast_head":"<!-- This site is optimized with the Yoast SEO plugin v27.1.1 - https:\/\/yoast.com\/product\/yoast-seo-wordpress\/ -->\n<title>E-Comprocessing<\/title>\n<meta name=\"robots\" content=\"index, follow, max-snippet:-1, max-image-preview:large, max-video-preview:-1\" \/>\n<meta property=\"og:locale\" content=\"en_US\" \/>\n<meta property=\"article:modified_time\" content=\"2025-12-04T13:23:24+00:00\" \/>\n<meta property=\"og:image\" content=\"https:\/\/cdn.e-comprocessing.com\/uploads\/ECP_website_backend_image.jpg\" \/>\n\t<meta property=\"og:image:width\" content=\"1256\" \/>\n\t<meta property=\"og:image:height\" content=\"628\" \/>\n\t<meta property=\"og:image:type\" content=\"image\/jpeg\" \/>\n<meta name=\"twitter:card\" content=\"summary_large_image\" \/>\n<meta name=\"twitter:label1\" content=\"Est. reading time\" \/>\n\t<meta name=\"twitter:data1\" content=\"3 minutes\" \/>\n<script type=\"application\/ld+json\" class=\"yoast-schema-graph\">{\"@context\":\"https:\/\/schema.org\",\"@graph\":[{\"@type\":\"WebPage\",\"@id\":\"https:\/\/www.e-comprocessing.com\/de\/terms-of-use\/\",\"url\":\"https:\/\/www.e-comprocessing.com\/de\/terms-of-use\/\",\"name\":\"Nutzungsbedingungen\u00a0| E-Comprocessing\",\"isPartOf\":{\"@id\":\"https:\/\/www.e-comprocessing.com\/de\/#website\"},\"datePublished\":\"2020-09-18T07:55:41+00:00\",\"dateModified\":\"2025-12-04T13:23:24+00:00\",\"description\":\"Die rechtlichen Hinweise sind f\u00fcr Personen gedacht, die auf die Website von E-Comprocessing zugreifen und diese nutzen.\",\"breadcrumb\":{\"@id\":\"https:\/\/www.e-comprocessing.com\/de\/terms-of-use\/#breadcrumb\"},\"inLanguage\":\"de-DE\",\"potentialAction\":[{\"@type\":\"ReadAction\",\"target\":[\"https:\/\/www.e-comprocessing.com\/de\/terms-of-use\/\"]}]},{\"@type\":\"BreadcrumbList\",\"@id\":\"https:\/\/www.e-comprocessing.com\/de\/terms-of-use\/#breadcrumb\",\"itemListElement\":[{\"@type\":\"ListItem\",\"position\":1,\"name\":\"Home\",\"item\":\"https:\/\/www.e-comprocessing.com\/de\/\"},{\"@type\":\"ListItem\",\"position\":2,\"name\":\"Terms of use\"}]},{\"@type\":\"WebSite\",\"@id\":\"https:\/\/www.e-comprocessing.com\/de\/#website\",\"url\":\"https:\/\/www.e-comprocessing.com\/de\/\",\"name\":\"E-Comprocessing\",\"description\":\"\",\"potentialAction\":[{\"@type\":\"SearchAction\",\"target\":{\"@type\":\"EntryPoint\",\"urlTemplate\":\"https:\/\/www.e-comprocessing.com\/de\/?s={search_term_string}\"},\"query-input\":{\"@type\":\"PropertyValueSpecification\",\"valueRequired\":true,\"valueName\":\"search_term_string\"}}],\"inLanguage\":\"de-DE\"}]}<\/script>\n<!-- \/ Yoast SEO plugin. -->","yoast_head_json":{"title":"E-Comprocessing","robots":{"index":"index","follow":"follow","max-snippet":"max-snippet:-1","max-image-preview":"max-image-preview:large","max-video-preview":"max-video-preview:-1"},"og_locale":"en_US","article_modified_time":"2025-12-04T13:23:24+00:00","og_image":[{"width":1256,"height":628,"url":"https:\/\/cdn.e-comprocessing.com\/uploads\/ECP_website_backend_image.jpg","type":"image\/jpeg"}],"twitter_card":"summary_large_image","twitter_misc":{"Est. reading time":"3 minutes"},"schema":{"@context":"https:\/\/schema.org","@graph":[{"@type":"WebPage","@id":"https:\/\/www.e-comprocessing.com\/de\/terms-of-use\/","url":"https:\/\/www.e-comprocessing.com\/de\/terms-of-use\/","name":"Nutzungsbedingungen\u00a0| E-Comprocessing","isPartOf":{"@id":"https:\/\/www.e-comprocessing.com\/de\/#website"},"datePublished":"2020-09-18T07:55:41+00:00","dateModified":"2025-12-04T13:23:24+00:00","description":"Die rechtlichen Hinweise sind f\u00fcr Personen gedacht, die auf die Website von E-Comprocessing zugreifen und diese nutzen.","breadcrumb":{"@id":"https:\/\/www.e-comprocessing.com\/de\/terms-of-use\/#breadcrumb"},"inLanguage":"de-DE","potentialAction":[{"@type":"ReadAction","target":["https:\/\/www.e-comprocessing.com\/de\/terms-of-use\/"]}]},{"@type":"BreadcrumbList","@id":"https:\/\/www.e-comprocessing.com\/de\/terms-of-use\/#breadcrumb","itemListElement":[{"@type":"ListItem","position":1,"name":"Home","item":"https:\/\/www.e-comprocessing.com\/de\/"},{"@type":"ListItem","position":2,"name":"Terms of use"}]},{"@type":"WebSite","@id":"https:\/\/www.e-comprocessing.com\/de\/#website","url":"https:\/\/www.e-comprocessing.com\/de\/","name":"E-Comprocessing","description":"","potentialAction":[{"@type":"SearchAction","target":{"@type":"EntryPoint","urlTemplate":"https:\/\/www.e-comprocessing.com\/de\/?s={search_term_string}"},"query-input":{"@type":"PropertyValueSpecification","valueRequired":true,"valueName":"search_term_string"}}],"inLanguage":"de-DE"}]}},"_links":{"self":[{"href":"https:\/\/www.e-comprocessing.com\/de\/wp-json\/wp\/v2\/pages\/1185","targetHints":{"allow":["GET"]}}],"collection":[{"href":"https:\/\/www.e-comprocessing.com\/de\/wp-json\/wp\/v2\/pages"}],"about":[{"href":"https:\/\/www.e-comprocessing.com\/de\/wp-json\/wp\/v2\/types\/page"}],"author":[{"embeddable":true,"href":"https:\/\/www.e-comprocessing.com\/de\/wp-json\/wp\/v2\/users\/1"}],"replies":[{"embeddable":true,"href":"https:\/\/www.e-comprocessing.com\/de\/wp-json\/wp\/v2\/comments?post=1185"}],"version-history":[{"count":6,"href":"https:\/\/www.e-comprocessing.com\/de\/wp-json\/wp\/v2\/pages\/1185\/revisions"}],"predecessor-version":[{"id":1592,"href":"https:\/\/www.e-comprocessing.com\/de\/wp-json\/wp\/v2\/pages\/1185\/revisions\/1592"}],"wp:attachment":[{"href":"https:\/\/www.e-comprocessing.com\/de\/wp-json\/wp\/v2\/media?parent=1185"}],"curies":[{"name":"wp","href":"https:\/\/api.w.org\/{rel}","templated":true}]}}